{"id":370,"date":"2020-01-19T14:27:49","date_gmt":"2020-01-19T14:27:49","guid":{"rendered":"https:\/\/seka.fi\/?page_id=370"},"modified":"2025-05-14T13:57:45","modified_gmt":"2025-05-14T13:57:45","slug":"koti","status":"publish","type":"page","link":"https:\/\/seka.fi\/index.php\/fi\/koti\/","title":{"rendered":"Etusivu"},"content":{"rendered":"\n<div class=\"wp-block-cover is-light has-background-dim-NaN\"><span aria-hidden=\"true\" class=\"has-luminous-vivid-amber-background-color has-background-dim-10 wp-block-cover__gradient-background has-background-dim\"><\/span><img loading=\"lazy\" width=\"2560\" height=\"1708\" class=\"wp-block-cover__image-background wp-image-268\" alt=\"\" src=\"https:\/\/seka.fi\/wp-content\/uploads\/2020\/01\/P1070384-scaled.jpg\" data-object-fit=\"cover\" srcset=\"https:\/\/seka.fi\/wp-content\/uploads\/2020\/01\/P1070384-scaled.jpg 2560w, https:\/\/seka.fi\/wp-content\/uploads\/2020\/01\/P1070384-300x200.jpg 300w, https:\/\/seka.fi\/wp-content\/uploads\/2020\/01\/P1070384-1024x683.jpg 1024w, https:\/\/seka.fi\/wp-content\/uploads\/2020\/01\/P1070384-768x512.jpg 768w, https:\/\/seka.fi\/wp-content\/uploads\/2020\/01\/P1070384-693x462.jpg 693w, https:\/\/seka.fi\/wp-content\/uploads\/2020\/01\/P1070384-1536x1025.jpg 1536w, https:\/\/seka.fi\/wp-content\/uploads\/2020\/01\/P1070384-2048x1366.jpg 2048w, https:\/\/seka.fi\/wp-content\/uploads\/2020\/01\/P1070384-600x400.jpg 600w\" sizes=\"(max-width: 2560px) 100vw, 2560px\" \/><div class=\"wp-block-cover__inner-container\">\n<p class=\"has-text-align-center has-large-font-size\"><\/p>\n<\/div><\/div>\n\n\n\n<div style=\"height:120px\" aria-hidden=\"true\" class=\"wp-block-spacer\"><\/div>\n\n\n\n<div class=\"wp-block-media-text alignwide has-media-on-the-right is-stacked-on-mobile has-black-color has-text-color\"><figure class=\"wp-block-media-text__media\"><img loading=\"lazy\" width=\"1024\" height=\"697\" src=\"https:\/\/seka.fi\/wp-content\/uploads\/2019\/12\/IMG-0203-2-1024x697.jpg\" alt=\"\" class=\"wp-image-123 size-full\" srcset=\"https:\/\/seka.fi\/wp-content\/uploads\/2019\/12\/IMG-0203-2-1024x697.jpg 1024w, https:\/\/seka.fi\/wp-content\/uploads\/2019\/12\/IMG-0203-2-300x204.jpg 300w, https:\/\/seka.fi\/wp-content\/uploads\/2019\/12\/IMG-0203-2-768x522.jpg 768w, https:\/\/seka.fi\/wp-content\/uploads\/2019\/12\/IMG-0203-2-1536x1045.jpg 1536w, https:\/\/seka.fi\/wp-content\/uploads\/2019\/12\/IMG-0203-2-2048x1393.jpg 2048w\" sizes=\"(max-width: 1024px) 100vw, 1024px\" \/><\/figure><div class=\"wp-block-media-text__content\">\n<p class=\"has-medium-font-size\">Se-Ka Oy on rakennusalan yritys, jolla on noin 10 ty\u00f6ntekij\u00e4\u00e4. Yrityksen kotipaikka on Tammisaari, mutta t\u00f6it\u00e4 tehd\u00e4\u00e4n koko Raaseporissa ja my\u00f6s Hangossa.<\/p>\n\n\n\n<p><\/p>\n\n\n\n<p class=\"has-black-color has-text-color has-medium-font-size\">Olemme toimineet rakennusalalla vuodesta 1982,  uskallamme siis sanoa, ett\u00e4 meill\u00e4 on pitk\u00e4 kokemus alalta! Alusta asti tavoitteenamme on ollut tehd\u00e4 aina laatuty\u00f6t\u00e4 sovitussa aikataulussa.<\/p>\n<\/div><\/div>\n\n\n<p><!--EndFragment--><\/p>\n<p><!--StartFragment--><\/p>\n\n<div class=\"container\">\t\t\t\n\t\t\t<div \n\t\t\tstyle=\"margin-top: 40px; margin-bottom: 40px\" \n\t\t\tclass=\"gallery_1_wrapper \" \n\t\t\tid=\"image_grid_1_AaC0MNqVHHA0\">\n\n\t\t\t\t<div class=\"row\">\n\n\t\t\t\t\t<div class=\"col-md-12\">\n\n\t\t\t\t\t\t\n\t\t\t\t\t\t\t<div class=\"gallery_1_title_desc col-md-8\">\n\t\t\t\t\t\t\t\t\n\t\t\t\t\t\t\t\t\t\t\t\t\t\t\t\t\t<h2 \n\t\t\t\t\t\t\t\t\tstyle=\"color: #333 ; text-transform:uppercase\">\n\t\t\t\t\t\t\t\t\t\tProjektit\t\t\t\t\t\t\t\t\t<\/h2>\n\t\t\t\t\t\t\t\t\t\t\t\t\t\t\t\t\t\t<p \n\t\t\t\t\t\t\t\t\tstyle=\"color: #333\">klikkaa kuvaa suurentaaksesi ja saadaksesi lis\u00e4\u00e4 kuvia <\/p>\n\t\t\t\t\t\t\t\t\t\n\t\t\t\t\t\t\t<\/div>\n\n\t\t\t\t\t\t\t\n\t\t\t\t\t\t<div class='clear'><\/div>\n\t\t\t\t\t\t<div class='megablock_image_grid_wrapper'>\n\t\t\t\t\t\t\t<div id=\"imgs_AaC0MNqVHHA0\" class='megablock_image_grid'><\/div>\n\t\t\t\t\t\t<\/div>\n\n\t\t\t\t\t<\/div>\n\n\t\t\t\t<\/div>\n\n\t\t\t<\/div>\n\n\t\t\t<style>\n\t\t\t\t\n\t\t\t\t@media (min-width: 768px) and (max-width: 1024px) , (min-width: 768px) and (max-width: 1024px) and (orientation: landscape) {\n\t\t\t    \t#image_grid_1_AaC0MNqVHHA0 {\n\t\t\t    \t\tmargin-top: 5px !important;\n\t\t\t    \t\tmargin-bottom: 5px !important;\n\t\t\t    \t}\n\t\t\t    }\n\n\t\t\t    @media (min-width: 300px) and (max-width: 767px) {\n\t\t\t    \t#image_grid_1_AaC0MNqVHHA0 {\n\t\t\t    \t\tmargin-top: 5px !important;\n\t\t\t    \t\tmargin-bottom: 5px !important;\n\t\t\t    \t}\n\t\t\t    }\n\n\t\t\t<\/style>\n\n\t\t\t<\/div><script>\n\t\t\tjQuery( document ).ready(function(){\n\t\t\t\tjQuery('#imgs_AaC0MNqVHHA0').imagesGrid({\n\t\t\t    \timages: [{\"src\":\"https:\\\/\\\/seka.fi\\\/wp-content\\\/uploads\\\/2020\\\/12\\\/IMG_0378-1024x768.jpg\",\"alt\":\"Hang\\u00f6\",\"title\":\"Hang\\u00f6\",\"caption\":\"Hang\\u00f6\",\"thumbnail\":\"https:\\\/\\\/seka.fi\\\/wp-content\\\/uploads\\\/2020\\\/12\\\/IMG_0378-1024x768.jpg\"},{\"src\":\"https:\\\/\\\/seka.fi\\\/wp-content\\\/uploads\\\/2020\\\/12\\\/4a1498f5-be78-48f5-bee8-1a385242e66d-1024x768.jpeg\",\"alt\":\"Alvar Aalto\",\"title\":\"Alvar Aalto\",\"caption\":\"Alvar Aalto\",\"thumbnail\":\"https:\\\/\\\/seka.fi\\\/wp-content\\\/uploads\\\/2020\\\/12\\\/4a1498f5-be78-48f5-bee8-1a385242e66d-1024x768.jpeg\"},{\"src\":\"https:\\\/\\\/seka.fi\\\/wp-content\\\/uploads\\\/2020\\\/02\\\/HarparskogArena-januari-maj-juli-847x1024.jpg\",\"alt\":\"Harparskog Arena\",\"title\":\"Harparskog Arena\",\"caption\":\"Harparskog Arena\",\"thumbnail\":\"https:\\\/\\\/seka.fi\\\/wp-content\\\/uploads\\\/2020\\\/02\\\/HarparskogArena-januari-maj-juli-847x1024.jpg\"},{\"src\":\"https:\\\/\\\/seka.fi\\\/wp-content\\\/uploads\\\/2019\\\/12\\\/IMG_4768-1024x768.jpg\",\"alt\":\"Hanko\",\"title\":\"Hanko\",\"caption\":\"Hanko\",\"thumbnail\":\"https:\\\/\\\/seka.fi\\\/wp-content\\\/uploads\\\/2019\\\/12\\\/IMG_4768-1024x768.jpg\"},{\"src\":\"https:\\\/\\\/seka.fi\\\/wp-content\\\/uploads\\\/2019\\\/12\\\/IMG_6680-1-1024x683.jpg\",\"alt\":\"Sommarstuga\",\"title\":\"Sommarstuga\",\"caption\":\"Sommarstuga\",\"thumbnail\":\"https:\\\/\\\/seka.fi\\\/wp-content\\\/uploads\\\/2019\\\/12\\\/IMG_6680-1-1024x683.jpg\"}],\n\t\t\t    \talign : true,\n\t\t\t    \tcells : 5,\n\t\t\t    \tloading : 'loading ...'\n\t\t\t  \t});\n\t\t\t});\t\t  \t\n\t\t\t<\/script>\n\t\t\t<style>\n\t\t\t\t#image_grid_1_AaC0MNqVHHA0 .gallery_1_title_desc h2:after{\n\t\t\t\t\tborder-color: #fcb900\n\t\t\t\t}\n\t\t\t<\/style>\n\n\n\t\t<style>\n\t\t\t#services_1_wGmxc9vyOwODivjRSqTH .services_1_title_desc > h2:after{\n\t\t\t\tborder-color: #000\t\t\t}\n\n\t\t\t\n\t\t\t\/**\n\t\t\t * Responsive\n\t\t\t *\/\n\n\t\t\t@media (min-width: 768px) and (max-width: 1024px) , (min-width: 768px) and (max-width: 1024px) and (orientation: landscape) {\n\t\t\t  \t#services_1_wGmxc9vyOwODivjRSqTH .services-inner{\n\t\t\t  \t\tpadding-top : 50px !important;\n\t\t\t  \t\tpadding-bottom : 10px !important;\n\t\t\t  \t\tpadding-left : 0px !important;\n\t\t\t  \t\tpadding-right : 0px !important;\n\t\t\t  \t}\n\t\t\t}\n\n\t\t\t@media (min-width: 300px) and (max-width: 767px) {\n\t\t\t\t#services_1_wGmxc9vyOwODivjRSqTH .services-inner{\n\t\t\t  \t\tpadding-top : 50px !important;\n\t\t\t  \t\tpadding-bottom : 10px !important;\n\t\t\t  \t\tpadding-left : 0px !important;\n\t\t\t  \t\tpadding-right : 0px !important;\n\t\t\t  \t}\n\t\t\t}\n\n\t\t<\/style>\n\n\t\t<div class=\"services-main mb_services_style_1 \" \n\t\t\tid=\"services_1_wGmxc9vyOwODivjRSqTH\">\n\n\t\t\t<div class=\"services-list\">\n\t\t        \n\t\t        <section \n\t\t        style=\"padding: 50px 0px 10px 0px\" \n\t\t        class=\"services-inner\">\n\n\t\t            <div class=\"container1 container\">\n\n\t\t            \t\n\t\t\t              \t<div class=\"row\">\n\n\t\t\t              \t\t<div class=\"services_1_title_desc col-md-8\">\n\n\t\t\t              \t\t\t\n\t\t\t\t              \t\t\t<h2\n\t\t\t\t              \t\t\tstyle=\"text-transform: uppercase; color: #000\"\n\t\t\t\t              \t\t\t>Yhteydenotto<\/h2>\n\n\t\t\t\t              \t\t\t\n\t\t\t              \t\t\t\n\t\t\t              \t\t<\/div>\n\n\t\t\t              \t<\/div>\n\n\t\t\t              \t\n\t\t              \t<div class=\"row\">\n\n\t\t              \t\t\n\t\t              \t\t\t\n\t\t\t                  \t<div class=\"col-md-4 col-sm-4 col-xs-12\">\n\t\t\t                      \t<div class=\"box shadow-large bor-lightgray text-center\">\n\t\t\t                          \t<div \n\t\t\t                          \tclass=\"icon\" \n\t\t\t                          \tstyle=\"background:#36383a\">\n\t\t\t                              \t<i class=\"fas fa-home\"><\/i>\n\t\t\t                          \t<\/div>\n\t\t\t                          \t<h3 class=\"mar-bottom-15\">\n\t\t\t                          \t\tOsoite\t\t\t                          \t<\/h3>\n\t\t\t                          \t<p>Jordaaninkatu 12 10600 Tammisaari<\/p>\n\t\t\t                      \t<\/div>\n\t\t\t                  \t<\/div>\t\n\t\t\t                  \t\n\t\t              \t\t\t\n\t\t\t                  \t<div class=\"col-md-4 col-sm-4 col-xs-12\">\n\t\t\t                      \t<div class=\"box shadow-large bor-lightgray text-center\">\n\t\t\t                          \t<div \n\t\t\t                          \tclass=\"icon\" \n\t\t\t                          \tstyle=\"background:#36383a\">\n\t\t\t                              \t<i class=\"fas fa-mail-bulk\"><\/i>\n\t\t\t                          \t<\/div>\n\t\t\t                          \t<h3 class=\"mar-bottom-15\">\n\t\t\t                          \t\tS\u00e4hk\u00f6posti\t\t\t                          \t<\/h3>\n\t\t\t                          \t<p>se-ka@brev.fi<\/p>\n\t\t\t                      \t<\/div>\n\t\t\t                  \t<\/div>\t\n\t\t\t                  \t\n\t\t              \t\t\t\n\t\t\t                  \t<div class=\"col-md-4 col-sm-4 col-xs-12\">\n\t\t\t                      \t<div class=\"box shadow-large bor-lightgray text-center\">\n\t\t\t                          \t<div \n\t\t\t                          \tclass=\"icon\" \n\t\t\t                          \tstyle=\"background:#36383a\">\n\t\t\t                              \t<i class=\"fas fa-phone\"><\/i>\n\t\t\t                          \t<\/div>\n\t\t\t                          \t<h3 class=\"mar-bottom-15\">\n\t\t\t                          \t\tPuhelin\t\t\t                          \t<\/h3>\n\t\t\t                          \t<p>0400 47 2211<\/p>\n\t\t\t                      \t<\/div>\n\t\t\t                  \t<\/div>\t\n\t\t\t                  \t\n\t\t              <\/div>\n\n\t\t            <\/div>\n\n\t\t         <\/section>\n\n\t\t   \t<\/div>\n\n\t   \t<\/div>\n\n\t\t","protected":false},"excerpt":{"rendered":"<p>Se-Ka Oy on rakennusalan yritys, jolla on noin 10 ty\u00f6ntekij\u00e4\u00e4. Yrityksen kotipaikka on Tammisaari, mutta t\u00f6it\u00e4 tehd\u00e4\u00e4n koko Raaseporissa ja my\u00f6s Hangossa. Olemme toimineet rakennusalalla vuodesta 1982, uskallamme siis sanoa, ett\u00e4 meill\u00e4 on pitk\u00e4 kokemus alalta! Alusta asti tavoitteenamme on ollut tehd\u00e4 aina laatuty\u00f6t\u00e4 sovitussa aikataulussa.<\/p>\n","protected":false},"author":2,"featured_media":0,"parent":0,"menu_order":0,"comment_status":"closed","ping_status":"closed","template":"page-templates\/full-width.php","meta":{"_uag_custom_page_level_css":"","_monsterinsights_skip_tracking":false,"_monsterinsights_sitenote_active":false,"_monsterinsights_sitenote_note":"","_monsterinsights_sitenote_category":0},"yoast_head":"<!-- This site is optimized with the Yoast SEO plugin v19.8 - https:\/\/yoast.com\/wordpress\/plugins\/seo\/ -->\n<title>Etusivu - Se-Ka<\/title>\n<meta name=\"description\" content=\"Se-Ka Oy on rakennusyhti\u00f6 Tammisaaresta joilla on noin 10 ty\u00f6ntekij\u00e4\u00e4 ja toimii Raaseporin ja Hangon seudulla.\" \/>\n<meta name=\"robots\" content=\"index, follow, max-snippet:-1, max-image-preview:large, max-video-preview:-1\" \/>\n<link rel=\"canonical\" href=\"https:\/\/seka.fi\/index.php\/fi\/koti\/\" \/>\n<meta property=\"og:locale\" content=\"sv_SE\" \/>\n<meta property=\"og:type\" content=\"article\" \/>\n<meta property=\"og:title\" content=\"Etusivu - Se-Ka\" \/>\n<meta property=\"og:description\" content=\"Se-Ka Oy on rakennusyhti\u00f6 Tammisaaresta joilla on noin 10 ty\u00f6ntekij\u00e4\u00e4 ja toimii Raaseporin ja Hangon seudulla.\" \/>\n<meta property=\"og:url\" content=\"https:\/\/seka.fi\/index.php\/fi\/koti\/\" \/>\n<meta property=\"og:site_name\" content=\"Se-Ka\" \/>\n<meta property=\"article:modified_time\" content=\"2025-05-14T13:57:45+00:00\" \/>\n<meta property=\"og:image\" content=\"https:\/\/seka.fi\/wp-content\/uploads\/2020\/01\/P1070384-scaled.jpg\" \/>\n<meta name=\"twitter:card\" content=\"summary_large_image\" \/>\n<meta name=\"twitter:label1\" content=\"Ber\u00e4knad l\u00e4stid\" \/>\n\t<meta name=\"twitter:data1\" content=\"1 minut\" \/>\n<script type=\"application\/ld+json\" class=\"yoast-schema-graph\">{\"@context\":\"https:\/\/schema.org\",\"@graph\":[{\"@type\":\"WebPage\",\"@id\":\"https:\/\/seka.fi\/index.php\/fi\/koti\/\",\"url\":\"https:\/\/seka.fi\/index.php\/fi\/koti\/\",\"name\":\"Etusivu - Se-Ka\",\"isPartOf\":{\"@id\":\"https:\/\/seka.fi\/#website\"},\"datePublished\":\"2020-01-19T14:27:49+00:00\",\"dateModified\":\"2025-05-14T13:57:45+00:00\",\"description\":\"Se-Ka Oy on rakennusyhti\u00f6 Tammisaaresta joilla on noin 10 ty\u00f6ntekij\u00e4\u00e4 ja toimii Raaseporin ja Hangon seudulla.\",\"breadcrumb\":{\"@id\":\"https:\/\/seka.fi\/index.php\/fi\/koti\/#breadcrumb\"},\"inLanguage\":\"sv-SE\",\"potentialAction\":[{\"@type\":\"ReadAction\",\"target\":[\"https:\/\/seka.fi\/index.php\/fi\/koti\/\"]}]},{\"@type\":\"BreadcrumbList\",\"@id\":\"https:\/\/seka.fi\/index.php\/fi\/koti\/#breadcrumb\",\"itemListElement\":[{\"@type\":\"ListItem\",\"position\":1,\"name\":\"Home\",\"item\":\"https:\/\/seka.fi\/\"},{\"@type\":\"ListItem\",\"position\":2,\"name\":\"Etusivu\"}]},{\"@type\":\"WebSite\",\"@id\":\"https:\/\/seka.fi\/#website\",\"url\":\"https:\/\/seka.fi\/\",\"name\":\"Se-Ka\",\"description\":\"\u2013 murar, m\u00e5lar &amp; bygger!\",\"publisher\":{\"@id\":\"https:\/\/seka.fi\/#organization\"},\"potentialAction\":[{\"@type\":\"SearchAction\",\"target\":{\"@type\":\"EntryPoint\",\"urlTemplate\":\"https:\/\/seka.fi\/?s={search_term_string}\"},\"query-input\":\"required name=search_term_string\"}],\"inLanguage\":\"sv-SE\"},{\"@type\":\"Organization\",\"@id\":\"https:\/\/seka.fi\/#organization\",\"name\":\"Se-Ka\",\"url\":\"https:\/\/seka.fi\/\",\"sameAs\":[],\"logo\":{\"@type\":\"ImageObject\",\"inLanguage\":\"sv-SE\",\"@id\":\"https:\/\/seka.fi\/#\/schema\/logo\/image\/\",\"url\":\"https:\/\/seka.fi\/wp-content\/uploads\/2019\/12\/cropped-sekalogo-1.png\",\"contentUrl\":\"https:\/\/seka.fi\/wp-content\/uploads\/2019\/12\/cropped-sekalogo-1.png\",\"width\":408,\"height\":230,\"caption\":\"Se-Ka\"},\"image\":{\"@id\":\"https:\/\/seka.fi\/#\/schema\/logo\/image\/\"}}]}<\/script>\n<!-- \/ Yoast SEO plugin. -->","yoast_head_json":{"title":"Etusivu - Se-Ka","description":"Se-Ka Oy on rakennusyhti\u00f6 Tammisaaresta joilla on noin 10 ty\u00f6ntekij\u00e4\u00e4 ja toimii Raaseporin ja Hangon seudulla.","robots":{"index":"index","follow":"follow","max-snippet":"max-snippet:-1","max-image-preview":"max-image-preview:large","max-video-preview":"max-video-preview:-1"},"canonical":"https:\/\/seka.fi\/index.php\/fi\/koti\/","og_locale":"sv_SE","og_type":"article","og_title":"Etusivu - Se-Ka","og_description":"Se-Ka Oy on rakennusyhti\u00f6 Tammisaaresta joilla on noin 10 ty\u00f6ntekij\u00e4\u00e4 ja toimii Raaseporin ja Hangon seudulla.","og_url":"https:\/\/seka.fi\/index.php\/fi\/koti\/","og_site_name":"Se-Ka","article_modified_time":"2025-05-14T13:57:45+00:00","og_image":[{"url":"https:\/\/seka.fi\/wp-content\/uploads\/2020\/01\/P1070384-scaled.jpg"}],"twitter_card":"summary_large_image","twitter_misc":{"Ber\u00e4knad l\u00e4stid":"1 minut"},"schema":{"@context":"https:\/\/schema.org","@graph":[{"@type":"WebPage","@id":"https:\/\/seka.fi\/index.php\/fi\/koti\/","url":"https:\/\/seka.fi\/index.php\/fi\/koti\/","name":"Etusivu - Se-Ka","isPartOf":{"@id":"https:\/\/seka.fi\/#website"},"datePublished":"2020-01-19T14:27:49+00:00","dateModified":"2025-05-14T13:57:45+00:00","description":"Se-Ka Oy on rakennusyhti\u00f6 Tammisaaresta joilla on noin 10 ty\u00f6ntekij\u00e4\u00e4 ja toimii Raaseporin ja Hangon seudulla.","breadcrumb":{"@id":"https:\/\/seka.fi\/index.php\/fi\/koti\/#breadcrumb"},"inLanguage":"sv-SE","potentialAction":[{"@type":"ReadAction","target":["https:\/\/seka.fi\/index.php\/fi\/koti\/"]}]},{"@type":"BreadcrumbList","@id":"https:\/\/seka.fi\/index.php\/fi\/koti\/#breadcrumb","itemListElement":[{"@type":"ListItem","position":1,"name":"Home","item":"https:\/\/seka.fi\/"},{"@type":"ListItem","position":2,"name":"Etusivu"}]},{"@type":"WebSite","@id":"https:\/\/seka.fi\/#website","url":"https:\/\/seka.fi\/","name":"Se-Ka","description":"\u2013 murar, m\u00e5lar &amp; bygger!","publisher":{"@id":"https:\/\/seka.fi\/#organization"},"potentialAction":[{"@type":"SearchAction","target":{"@type":"EntryPoint","urlTemplate":"https:\/\/seka.fi\/?s={search_term_string}"},"query-input":"required name=search_term_string"}],"inLanguage":"sv-SE"},{"@type":"Organization","@id":"https:\/\/seka.fi\/#organization","name":"Se-Ka","url":"https:\/\/seka.fi\/","sameAs":[],"logo":{"@type":"ImageObject","inLanguage":"sv-SE","@id":"https:\/\/seka.fi\/#\/schema\/logo\/image\/","url":"https:\/\/seka.fi\/wp-content\/uploads\/2019\/12\/cropped-sekalogo-1.png","contentUrl":"https:\/\/seka.fi\/wp-content\/uploads\/2019\/12\/cropped-sekalogo-1.png","width":408,"height":230,"caption":"Se-Ka"},"image":{"@id":"https:\/\/seka.fi\/#\/schema\/logo\/image\/"}}]}},"uagb_featured_image_src":{"full":false,"thumbnail":false,"medium":false,"medium_large":false,"large":false,"elegant_blocks_team_1":false,"elegant_blocks_blog_1":false,"elegant_blocks_slider_1":false,"1536x1536":false,"2048x2048":false,"bizberg_medium":false,"bizberg_gallery":false,"bizberg_blog_list":false,"bizberg_detail_image":false,"bizberg_detail_image_no_sidebar":false,"bizberg_portfolio_homepage":false,"bizberg_blog_list_no_sidebar_1":false},"uagb_author_info":{"display_name":"Ville S\u00e9von","author_link":"https:\/\/seka.fi\/index.php\/author\/ville\/"},"uagb_comment_info":0,"uagb_excerpt":"Se-Ka Oy on rakennusalan yritys, jolla on noin 10 ty\u00f6ntekij\u00e4\u00e4. Yrityksen kotipaikka on Tammisaari, mutta t\u00f6it\u00e4 tehd\u00e4\u00e4n koko Raaseporissa ja my\u00f6s Hangossa. Olemme toimineet rakennusalalla vuodesta 1982, uskallamme siis sanoa, ett\u00e4 meill\u00e4 on pitk\u00e4 kokemus alalta! Alusta asti tavoitteenamme on ollut tehd\u00e4 aina laatuty\u00f6t\u00e4 sovitussa aikataulussa.","_links":{"self":[{"href":"https:\/\/seka.fi\/index.php\/wp-json\/wp\/v2\/pages\/370"}],"collection":[{"href":"https:\/\/seka.fi\/index.php\/wp-json\/wp\/v2\/pages"}],"about":[{"href":"https:\/\/seka.fi\/index.php\/wp-json\/wp\/v2\/types\/page"}],"author":[{"embeddable":true,"href":"https:\/\/seka.fi\/index.php\/wp-json\/wp\/v2\/users\/2"}],"replies":[{"embeddable":true,"href":"https:\/\/seka.fi\/index.php\/wp-json\/wp\/v2\/comments?post=370"}],"version-history":[{"count":34,"href":"https:\/\/seka.fi\/index.php\/wp-json\/wp\/v2\/pages\/370\/revisions"}],"predecessor-version":[{"id":1080,"href":"https:\/\/seka.fi\/index.php\/wp-json\/wp\/v2\/pages\/370\/revisions\/1080"}],"wp:attachment":[{"href":"https:\/\/seka.fi\/index.php\/wp-json\/wp\/v2\/media?parent=370"}],"curies":[{"name":"wp","href":"https:\/\/api.w.org\/{rel}","templated":true}]}}