{"id":113,"date":"2019-12-18T15:21:06","date_gmt":"2019-12-18T15:21:06","guid":{"rendered":"https:\/\/seka.fi\/?page_id=113"},"modified":"2024-12-12T12:11:53","modified_gmt":"2024-12-12T12:11:53","slug":"palvelut","status":"publish","type":"page","link":"https:\/\/seka.fi\/index.php\/fi\/palvelut\/","title":{"rendered":"Palvelut"},"content":{"rendered":"\n<div class=\"wp-block-cover is-light\"><span aria-hidden=\"true\" class=\"has-luminous-vivid-amber-background-color has-background-dim-10 wp-block-cover__gradient-background has-background-dim\"><\/span><img loading=\"lazy\" width=\"2560\" height=\"1708\" class=\"wp-block-cover__image-background wp-image-268\" alt=\"\" src=\"https:\/\/seka.fi\/wp-content\/uploads\/2020\/01\/P1070384-scaled.jpg\" data-object-fit=\"cover\" srcset=\"https:\/\/seka.fi\/wp-content\/uploads\/2020\/01\/P1070384-scaled.jpg 2560w, https:\/\/seka.fi\/wp-content\/uploads\/2020\/01\/P1070384-300x200.jpg 300w, https:\/\/seka.fi\/wp-content\/uploads\/2020\/01\/P1070384-1024x683.jpg 1024w, https:\/\/seka.fi\/wp-content\/uploads\/2020\/01\/P1070384-768x512.jpg 768w, https:\/\/seka.fi\/wp-content\/uploads\/2020\/01\/P1070384-693x462.jpg 693w, https:\/\/seka.fi\/wp-content\/uploads\/2020\/01\/P1070384-1536x1025.jpg 1536w, https:\/\/seka.fi\/wp-content\/uploads\/2020\/01\/P1070384-2048x1366.jpg 2048w, https:\/\/seka.fi\/wp-content\/uploads\/2020\/01\/P1070384-600x400.jpg 600w\" sizes=\"(max-width: 2560px) 100vw, 2560px\" \/><div class=\"wp-block-cover__inner-container\">\n<p class=\"has-text-align-center has-large-font-size\"><\/p>\n<\/div><\/div>\n\n\n<p><!--StartFragment--><\/p>\n\n\n\t\t<style>\n\t\t\t#services_1_KjGlbjjGTXYVdfqaY8Ap .services_1_title_desc > h2:after{\n\t\t\t\tborder-color: #000\t\t\t}\n\n\t\t\t\n\t\t\t\t#services_1_KjGlbjjGTXYVdfqaY8Ap.mb_services_style_5 .box .icon i{\n\t\t\t\t\tcolor: #28292a;\n\t\t\t\t}\n\t\t\t\t#services_1_KjGlbjjGTXYVdfqaY8Ap.mb_services_style_5 .box:hover .icon{\n\t\t\t\t\tbackground: #28292a !important;\n\t\t\t\t}\n\n\t\t\t\t\n\t\t\t\/**\n\t\t\t * Responsive\n\t\t\t *\/\n\n\t\t\t@media (min-width: 768px) and (max-width: 1024px) , (min-width: 768px) and (max-width: 1024px) and (orientation: landscape) {\n\t\t\t  \t#services_1_KjGlbjjGTXYVdfqaY8Ap .services-inner{\n\t\t\t  \t\tpadding-top : 50px !important;\n\t\t\t  \t\tpadding-bottom : 10px !important;\n\t\t\t  \t\tpadding-left : 0px !important;\n\t\t\t  \t\tpadding-right : 0px !important;\n\t\t\t  \t}\n\t\t\t}\n\n\t\t\t@media (min-width: 300px) and (max-width: 767px) {\n\t\t\t\t#services_1_KjGlbjjGTXYVdfqaY8Ap .services-inner{\n\t\t\t  \t\tpadding-top : 50px !important;\n\t\t\t  \t\tpadding-bottom : 10px !important;\n\t\t\t  \t\tpadding-left : 0px !important;\n\t\t\t  \t\tpadding-right : 0px !important;\n\t\t\t  \t}\n\t\t\t}\n\n\t\t<\/style>\n\n\t\t<div class=\"services-main mb_services_style_5 \" \n\t\t\tid=\"services_1_KjGlbjjGTXYVdfqaY8Ap\">\n\n\t\t\t<div class=\"services-list\">\n\t\t        \n\t\t        <section \n\t\t        style=\"padding: 50px 0px 10px 0px\" \n\t\t        class=\"services-inner\">\n\n\t\t            <div class=\"container1 \">\n\n\t\t            \t\n\t\t              \t<div class=\"row\">\n\n\t\t              \t\t\n\t\t              \t\t\t\n\t\t\t                  \t<div class=\"col-md-4 col-sm-4 col-xs-12\">\n\t\t\t                      \t<div class=\"box shadow-large bor-lightgray text-center\">\n\t\t\t                          \t<div \n\t\t\t                          \tclass=\"icon\" \n\t\t\t                          \tstyle=\"background:none\">\n\t\t\t                              \t<i class=\"fas fa-screwdriver\"><\/i>\n\t\t\t                          \t<\/div>\n\t\t\t                          \t<h3 class=\"mar-bottom-15\">\n\t\t\t                          \t\tRemontti\t\t\t                          \t<\/h3>\n\t\t\t                          \t<p><\/p>\n\t\t\t                      \t<\/div>\n\t\t\t                  \t<\/div>\t\n\t\t\t                  \t\n\t\t              \t\t\t\n\t\t\t                  \t<div class=\"col-md-4 col-sm-4 col-xs-12\">\n\t\t\t                      \t<div class=\"box shadow-large bor-lightgray text-center\">\n\t\t\t                          \t<div \n\t\t\t                          \tclass=\"icon\" \n\t\t\t                          \tstyle=\"background:none\">\n\t\t\t                              \t<i class=\"fas fa-hammer\"><\/i>\n\t\t\t                          \t<\/div>\n\t\t\t                          \t<h3 class=\"mar-bottom-15\">\n\t\t\t                          \t\tUudisrakentaminen\t\t\t                          \t<\/h3>\n\t\t\t                          \t<p><\/p>\n\t\t\t                      \t<\/div>\n\t\t\t                  \t<\/div>\t\n\t\t\t                  \t\n\t\t              \t\t\t\n\t\t\t                  \t<div class=\"col-md-4 col-sm-4 col-xs-12\">\n\t\t\t                      \t<div class=\"box shadow-large bor-lightgray text-center\">\n\t\t\t                          \t<div \n\t\t\t                          \tclass=\"icon\" \n\t\t\t                          \tstyle=\"background:none\">\n\t\t\t                              \t<i class=\"fas fa-pen\"><\/i>\n\t\t\t                          \t<\/div>\n\t\t\t                          \t<h3 class=\"mar-bottom-15\">\n\t\t\t                          \t\tSuunnittelu\t\t\t                          \t<\/h3>\n\t\t\t                          \t<p><\/p>\n\t\t\t                      \t<\/div>\n\t\t\t                  \t<\/div>\t\n\t\t\t                  \t\n\t\t              <\/div>\n\n\t\t            <\/div>\n\n\t\t         <\/section>\n\n\t\t   \t<\/div>\n\n\t   \t<\/div>\n\n\t\t\n\n\n<div class=\"wp-block-uagb-advanced-heading uagb-block-d7d4ae09\"><h4 class=\"uagb-heading-text\">Tarjoamme kokonaisvaltaista palvelua rakennusalalla ja yhteisty\u00f6kumppaneidemme kanssa voimme tarjota kokonaisratkaisut suunnittelusta toteuttamiseen. Pitk\u00e4 kokemus ja ammattitaitoinen henkil\u00f6st\u00f6 takaavat laadun toiminnassamme.  <br><br><br>Jos haluat lis\u00e4tietoja palveluistamme tai sinulla on jotain kysytt\u00e4v\u00e4\u00e4 omasta projektista niin ota yhteytt\u00e4! Annamme mielell\u00e4mme lis\u00e4tietoja.  <\/h4><div class=\"uagb-separator\"><\/div><\/div>\n\n\n\n<div class=\"wp-block-cover is-light\"><span aria-hidden=\"true\" class=\"has-luminous-vivid-amber-background-color has-background-dim-10 wp-block-cover__gradient-background has-background-dim\"><\/span><img loading=\"lazy\" width=\"2560\" height=\"1707\" class=\"wp-block-cover__image-background wp-image-110\" alt=\"\" src=\"https:\/\/seka.fi\/wp-content\/uploads\/2019\/12\/IMG_6685-1-scaled.jpg\" data-object-fit=\"cover\" srcset=\"https:\/\/seka.fi\/wp-content\/uploads\/2019\/12\/IMG_6685-1-scaled.jpg 2560w, https:\/\/seka.fi\/wp-content\/uploads\/2019\/12\/IMG_6685-1-300x200.jpg 300w, https:\/\/seka.fi\/wp-content\/uploads\/2019\/12\/IMG_6685-1-1024x683.jpg 1024w, https:\/\/seka.fi\/wp-content\/uploads\/2019\/12\/IMG_6685-1-768x512.jpg 768w, https:\/\/seka.fi\/wp-content\/uploads\/2019\/12\/IMG_6685-1-693x462.jpg 693w, https:\/\/seka.fi\/wp-content\/uploads\/2019\/12\/IMG_6685-1-1536x1024.jpg 1536w, https:\/\/seka.fi\/wp-content\/uploads\/2019\/12\/IMG_6685-1-2048x1365.jpg 2048w, https:\/\/seka.fi\/wp-content\/uploads\/2019\/12\/IMG_6685-1-600x400.jpg 600w\" sizes=\"(max-width: 2560px) 100vw, 2560px\" \/><div class=\"wp-block-cover__inner-container\">\n<p class=\"has-text-align-center has-large-font-size\"><\/p>\n<\/div><\/div>\n\n\n\n\t\t<style>\n\t\t\t#services_1_Qx3skdUFGgiV3VVwRZR3 .services_1_title_desc > h2:after{\n\t\t\t\tborder-color: #000\t\t\t}\n\n\t\t\t\n\t\t\t\t\/* Style 2 *\/\n\t\t\t\t#services_1_Qx3skdUFGgiV3VVwRZR3.mb_services_style_2 .box{\n\t\t\t\t\tbackground: #3b3d3f;\n\t\t\t\t\toutline: #313335 solid 2px;\n\t\t\t\t}\n\t\t\t\t#services_1_Qx3skdUFGgiV3VVwRZR3.mb_services_style_2 .box:hover{\n\t\t\t\t\toutline: #313335 solid 6px;\n\t\t\t\t}\n\n\t\t\t\t\n\t\t\t\/**\n\t\t\t * Responsive\n\t\t\t *\/\n\n\t\t\t@media (min-width: 768px) and (max-width: 1024px) , (min-width: 768px) and (max-width: 1024px) and (orientation: landscape) {\n\t\t\t  \t#services_1_Qx3skdUFGgiV3VVwRZR3 .services-inner{\n\t\t\t  \t\tpadding-top : 50px !important;\n\t\t\t  \t\tpadding-bottom : 10px !important;\n\t\t\t  \t\tpadding-left : 0px !important;\n\t\t\t  \t\tpadding-right : 0px !important;\n\t\t\t  \t}\n\t\t\t}\n\n\t\t\t@media (min-width: 300px) and (max-width: 767px) {\n\t\t\t\t#services_1_Qx3skdUFGgiV3VVwRZR3 .services-inner{\n\t\t\t  \t\tpadding-top : 50px !important;\n\t\t\t  \t\tpadding-bottom : 10px !important;\n\t\t\t  \t\tpadding-left : 0px !important;\n\t\t\t  \t\tpadding-right : 0px !important;\n\t\t\t  \t}\n\t\t\t}\n\n\t\t<\/style>\n\n\t\t<div class=\"services-main mb_services_style_2 \" \n\t\t\tid=\"services_1_Qx3skdUFGgiV3VVwRZR3\">\n\n\t\t\t<div class=\"services-list\">\n\t\t        \n\t\t        <section \n\t\t        style=\"padding: 50px 0px 10px 0px\" \n\t\t        class=\"services-inner\">\n\n\t\t            <div class=\"container1 container\">\n\n\t\t            \t\n\t\t\t              \t<div class=\"row\">\n\n\t\t\t              \t\t<div class=\"services_1_title_desc col-md-8\">\n\n\t\t\t              \t\t\t\n\t\t\t\t              \t\t\t<h2\n\t\t\t\t              \t\t\tstyle=\"text-transform: uppercase; color: #000\"\n\t\t\t\t              \t\t\t>Yhteydenotto<\/h2>\n\n\t\t\t\t              \t\t\t\n\t\t\t              \t\t\t\n\t\t\t              \t\t<\/div>\n\n\t\t\t              \t<\/div>\n\n\t\t\t              \t\n\t\t              \t<div class=\"row\">\n\n\t\t              \t\t\n\t\t              \t\t\t\n\t\t\t                  \t<div class=\"col-md-4 col-sm-4 col-xs-12\">\n\t\t\t                      \t<div class=\"box shadow-large bor-lightgray text-center\">\n\t\t\t                          \t<div \n\t\t\t                          \tclass=\"icon\" \n\t\t\t                          \tstyle=\"background:none\">\n\t\t\t                              \t<i class=\"fas fa-home\"><\/i>\n\t\t\t                          \t<\/div>\n\t\t\t                          \t<h3 class=\"mar-bottom-15\">\n\t\t\t                          \t\tOsoite\t\t\t                          \t<\/h3>\n\t\t\t                          \t<p>Jordaaninkatu 12 10600 Tammisaari<\/p>\n\t\t\t                      \t<\/div>\n\t\t\t                  \t<\/div>\t\n\t\t\t                  \t\n\t\t              \t\t\t\n\t\t\t                  \t<div class=\"col-md-4 col-sm-4 col-xs-12\">\n\t\t\t                      \t<div class=\"box shadow-large bor-lightgray text-center\">\n\t\t\t                          \t<div \n\t\t\t                          \tclass=\"icon\" \n\t\t\t                          \tstyle=\"background:none\">\n\t\t\t                              \t<i class=\"fas fa-mail-bulk\"><\/i>\n\t\t\t                          \t<\/div>\n\t\t\t                          \t<h3 class=\"mar-bottom-15\">\n\t\t\t                          \t\tS\u00e4hk\u00f6posti\t\t\t                          \t<\/h3>\n\t\t\t                          \t<p>se-ka@brev.fi<\/p>\n\t\t\t                      \t<\/div>\n\t\t\t                  \t<\/div>\t\n\t\t\t                  \t\n\t\t              \t\t\t\n\t\t\t                  \t<div class=\"col-md-4 col-sm-4 col-xs-12\">\n\t\t\t                      \t<div class=\"box shadow-large bor-lightgray text-center\">\n\t\t\t                          \t<div \n\t\t\t                          \tclass=\"icon\" \n\t\t\t                          \tstyle=\"background:none\">\n\t\t\t                              \t<i class=\"fas fa-phone\"><\/i>\n\t\t\t                          \t<\/div>\n\t\t\t                          \t<h3 class=\"mar-bottom-15\">\n\t\t\t                          \t\tPuhelin\t\t\t                          \t<\/h3>\n\t\t\t                          \t<p>0400 47 2211<\/p>\n\t\t\t                      \t<\/div>\n\t\t\t                  \t<\/div>\t\n\t\t\t                  \t\n\t\t              <\/div>\n\n\t\t            <\/div>\n\n\t\t         <\/section>\n\n\t\t   \t<\/div>\n\n\t   \t<\/div>\n\n\t\t","protected":false},"excerpt":{"rendered":"","protected":false},"author":2,"featured_media":0,"parent":0,"menu_order":0,"comment_status":"closed","ping_status":"closed","template":"page-templates\/full-width.php","meta":{"_uag_custom_page_level_css":"","_monsterinsights_skip_tracking":false,"_monsterinsights_sitenote_active":false,"_monsterinsights_sitenote_note":"","_monsterinsights_sitenote_category":0},"yoast_head":"<!-- This site is optimized with the Yoast SEO plugin v19.8 - https:\/\/yoast.com\/wordpress\/plugins\/seo\/ -->\n<title>Palvelut - Se-Ka<\/title>\n<meta name=\"description\" content=\"Tarjoamme kokonaisvaltaista palvelua rakennusalalla ja yhteisty\u00f6kumppaniemme kanssa voimme tarjota kokonaisratkaisut suunnittelusta toteuttamiseen.\" \/>\n<meta name=\"robots\" content=\"index, follow, max-snippet:-1, max-image-preview:large, max-video-preview:-1\" \/>\n<link rel=\"canonical\" href=\"https:\/\/seka.fi\/index.php\/fi\/palvelut\/\" \/>\n<meta property=\"og:locale\" content=\"sv_SE\" \/>\n<meta property=\"og:type\" content=\"article\" \/>\n<meta property=\"og:title\" content=\"Palvelut - Se-Ka\" \/>\n<meta property=\"og:description\" content=\"Tarjoamme kokonaisvaltaista palvelua rakennusalalla ja yhteisty\u00f6kumppaniemme kanssa voimme tarjota kokonaisratkaisut suunnittelusta toteuttamiseen.\" \/>\n<meta property=\"og:url\" content=\"https:\/\/seka.fi\/index.php\/fi\/palvelut\/\" \/>\n<meta property=\"og:site_name\" content=\"Se-Ka\" \/>\n<meta property=\"article:modified_time\" content=\"2024-12-12T12:11:53+00:00\" \/>\n<meta property=\"og:image\" content=\"https:\/\/seka.fi\/wp-content\/uploads\/2020\/01\/P1070384-scaled.jpg\" \/>\n<meta name=\"twitter:card\" content=\"summary_large_image\" \/>\n<meta name=\"twitter:label1\" content=\"Ber\u00e4knad l\u00e4stid\" \/>\n\t<meta name=\"twitter:data1\" content=\"1 minut\" \/>\n<script type=\"application\/ld+json\" class=\"yoast-schema-graph\">{\"@context\":\"https:\/\/schema.org\",\"@graph\":[{\"@type\":\"WebPage\",\"@id\":\"https:\/\/seka.fi\/index.php\/fi\/palvelut\/\",\"url\":\"https:\/\/seka.fi\/index.php\/fi\/palvelut\/\",\"name\":\"Palvelut - Se-Ka\",\"isPartOf\":{\"@id\":\"https:\/\/seka.fi\/#website\"},\"datePublished\":\"2019-12-18T15:21:06+00:00\",\"dateModified\":\"2024-12-12T12:11:53+00:00\",\"description\":\"Tarjoamme kokonaisvaltaista palvelua rakennusalalla ja yhteisty\u00f6kumppaniemme kanssa voimme tarjota kokonaisratkaisut suunnittelusta toteuttamiseen.\",\"breadcrumb\":{\"@id\":\"https:\/\/seka.fi\/index.php\/fi\/palvelut\/#breadcrumb\"},\"inLanguage\":\"sv-SE\",\"potentialAction\":[{\"@type\":\"ReadAction\",\"target\":[\"https:\/\/seka.fi\/index.php\/fi\/palvelut\/\"]}]},{\"@type\":\"BreadcrumbList\",\"@id\":\"https:\/\/seka.fi\/index.php\/fi\/palvelut\/#breadcrumb\",\"itemListElement\":[{\"@type\":\"ListItem\",\"position\":1,\"name\":\"Home\",\"item\":\"https:\/\/seka.fi\/\"},{\"@type\":\"ListItem\",\"position\":2,\"name\":\"Palvelut\"}]},{\"@type\":\"WebSite\",\"@id\":\"https:\/\/seka.fi\/#website\",\"url\":\"https:\/\/seka.fi\/\",\"name\":\"Se-Ka\",\"description\":\"\u2013 murar, m\u00e5lar &amp; bygger!\",\"publisher\":{\"@id\":\"https:\/\/seka.fi\/#organization\"},\"potentialAction\":[{\"@type\":\"SearchAction\",\"target\":{\"@type\":\"EntryPoint\",\"urlTemplate\":\"https:\/\/seka.fi\/?s={search_term_string}\"},\"query-input\":\"required name=search_term_string\"}],\"inLanguage\":\"sv-SE\"},{\"@type\":\"Organization\",\"@id\":\"https:\/\/seka.fi\/#organization\",\"name\":\"Se-Ka\",\"url\":\"https:\/\/seka.fi\/\",\"sameAs\":[],\"logo\":{\"@type\":\"ImageObject\",\"inLanguage\":\"sv-SE\",\"@id\":\"https:\/\/seka.fi\/#\/schema\/logo\/image\/\",\"url\":\"https:\/\/seka.fi\/wp-content\/uploads\/2019\/12\/cropped-sekalogo-1.png\",\"contentUrl\":\"https:\/\/seka.fi\/wp-content\/uploads\/2019\/12\/cropped-sekalogo-1.png\",\"width\":408,\"height\":230,\"caption\":\"Se-Ka\"},\"image\":{\"@id\":\"https:\/\/seka.fi\/#\/schema\/logo\/image\/\"}}]}<\/script>\n<!-- \/ Yoast SEO plugin. -->","yoast_head_json":{"title":"Palvelut - Se-Ka","description":"Tarjoamme kokonaisvaltaista palvelua rakennusalalla ja yhteisty\u00f6kumppaniemme kanssa voimme tarjota kokonaisratkaisut suunnittelusta toteuttamiseen.","robots":{"index":"index","follow":"follow","max-snippet":"max-snippet:-1","max-image-preview":"max-image-preview:large","max-video-preview":"max-video-preview:-1"},"canonical":"https:\/\/seka.fi\/index.php\/fi\/palvelut\/","og_locale":"sv_SE","og_type":"article","og_title":"Palvelut - Se-Ka","og_description":"Tarjoamme kokonaisvaltaista palvelua rakennusalalla ja yhteisty\u00f6kumppaniemme kanssa voimme tarjota kokonaisratkaisut suunnittelusta toteuttamiseen.","og_url":"https:\/\/seka.fi\/index.php\/fi\/palvelut\/","og_site_name":"Se-Ka","article_modified_time":"2024-12-12T12:11:53+00:00","og_image":[{"url":"https:\/\/seka.fi\/wp-content\/uploads\/2020\/01\/P1070384-scaled.jpg"}],"twitter_card":"summary_large_image","twitter_misc":{"Ber\u00e4knad l\u00e4stid":"1 minut"},"schema":{"@context":"https:\/\/schema.org","@graph":[{"@type":"WebPage","@id":"https:\/\/seka.fi\/index.php\/fi\/palvelut\/","url":"https:\/\/seka.fi\/index.php\/fi\/palvelut\/","name":"Palvelut - Se-Ka","isPartOf":{"@id":"https:\/\/seka.fi\/#website"},"datePublished":"2019-12-18T15:21:06+00:00","dateModified":"2024-12-12T12:11:53+00:00","description":"Tarjoamme kokonaisvaltaista palvelua rakennusalalla ja yhteisty\u00f6kumppaniemme kanssa voimme tarjota kokonaisratkaisut suunnittelusta toteuttamiseen.","breadcrumb":{"@id":"https:\/\/seka.fi\/index.php\/fi\/palvelut\/#breadcrumb"},"inLanguage":"sv-SE","potentialAction":[{"@type":"ReadAction","target":["https:\/\/seka.fi\/index.php\/fi\/palvelut\/"]}]},{"@type":"BreadcrumbList","@id":"https:\/\/seka.fi\/index.php\/fi\/palvelut\/#breadcrumb","itemListElement":[{"@type":"ListItem","position":1,"name":"Home","item":"https:\/\/seka.fi\/"},{"@type":"ListItem","position":2,"name":"Palvelut"}]},{"@type":"WebSite","@id":"https:\/\/seka.fi\/#website","url":"https:\/\/seka.fi\/","name":"Se-Ka","description":"\u2013 murar, m\u00e5lar &amp; bygger!","publisher":{"@id":"https:\/\/seka.fi\/#organization"},"potentialAction":[{"@type":"SearchAction","target":{"@type":"EntryPoint","urlTemplate":"https:\/\/seka.fi\/?s={search_term_string}"},"query-input":"required name=search_term_string"}],"inLanguage":"sv-SE"},{"@type":"Organization","@id":"https:\/\/seka.fi\/#organization","name":"Se-Ka","url":"https:\/\/seka.fi\/","sameAs":[],"logo":{"@type":"ImageObject","inLanguage":"sv-SE","@id":"https:\/\/seka.fi\/#\/schema\/logo\/image\/","url":"https:\/\/seka.fi\/wp-content\/uploads\/2019\/12\/cropped-sekalogo-1.png","contentUrl":"https:\/\/seka.fi\/wp-content\/uploads\/2019\/12\/cropped-sekalogo-1.png","width":408,"height":230,"caption":"Se-Ka"},"image":{"@id":"https:\/\/seka.fi\/#\/schema\/logo\/image\/"}}]}},"uagb_featured_image_src":{"full":false,"thumbnail":false,"medium":false,"medium_large":false,"large":false,"elegant_blocks_team_1":false,"elegant_blocks_blog_1":false,"elegant_blocks_slider_1":false,"1536x1536":false,"2048x2048":false,"bizberg_medium":false,"bizberg_gallery":false,"bizberg_blog_list":false,"bizberg_detail_image":false,"bizberg_detail_image_no_sidebar":false,"bizberg_portfolio_homepage":false,"bizberg_blog_list_no_sidebar_1":false},"uagb_author_info":{"display_name":"Ville S\u00e9von","author_link":"https:\/\/seka.fi\/index.php\/author\/ville\/"},"uagb_comment_info":0,"uagb_excerpt":null,"_links":{"self":[{"href":"https:\/\/seka.fi\/index.php\/wp-json\/wp\/v2\/pages\/113"}],"collection":[{"href":"https:\/\/seka.fi\/index.php\/wp-json\/wp\/v2\/pages"}],"about":[{"href":"https:\/\/seka.fi\/index.php\/wp-json\/wp\/v2\/types\/page"}],"author":[{"embeddable":true,"href":"https:\/\/seka.fi\/index.php\/wp-json\/wp\/v2\/users\/2"}],"replies":[{"embeddable":true,"href":"https:\/\/seka.fi\/index.php\/wp-json\/wp\/v2\/comments?post=113"}],"version-history":[{"count":31,"href":"https:\/\/seka.fi\/index.php\/wp-json\/wp\/v2\/pages\/113\/revisions"}],"predecessor-version":[{"id":1054,"href":"https:\/\/seka.fi\/index.php\/wp-json\/wp\/v2\/pages\/113\/revisions\/1054"}],"wp:attachment":[{"href":"https:\/\/seka.fi\/index.php\/wp-json\/wp\/v2\/media?parent=113"}],"curies":[{"name":"wp","href":"https:\/\/api.w.org\/{rel}","templated":true}]}}