{"id":11,"date":"2019-11-04T08:08:08","date_gmt":"2019-11-04T08:08:08","guid":{"rendered":"https:\/\/building-construction-architecture.cyclonethemes.com\/?page_id=11"},"modified":"2025-05-14T13:57:06","modified_gmt":"2025-05-14T13:57:06","slug":"hem","status":"publish","type":"page","link":"https:\/\/seka.fi\/","title":{"rendered":"Hem"},"content":{"rendered":"\n<div class=\"wp-block-cover is-light has-background-dim-NaN\"><span aria-hidden=\"true\" class=\"has-luminous-vivid-amber-background-color has-background-dim-10 wp-block-cover__gradient-background has-background-dim\"><\/span><img loading=\"lazy\" width=\"2560\" height=\"1708\" class=\"wp-block-cover__image-background wp-image-268\" alt=\"\" src=\"https:\/\/seka.fi\/wp-content\/uploads\/2020\/01\/P1070384-scaled.jpg\" data-object-fit=\"cover\" srcset=\"https:\/\/seka.fi\/wp-content\/uploads\/2020\/01\/P1070384-scaled.jpg 2560w, https:\/\/seka.fi\/wp-content\/uploads\/2020\/01\/P1070384-300x200.jpg 300w, https:\/\/seka.fi\/wp-content\/uploads\/2020\/01\/P1070384-1024x683.jpg 1024w, https:\/\/seka.fi\/wp-content\/uploads\/2020\/01\/P1070384-768x512.jpg 768w, https:\/\/seka.fi\/wp-content\/uploads\/2020\/01\/P1070384-693x462.jpg 693w, https:\/\/seka.fi\/wp-content\/uploads\/2020\/01\/P1070384-1536x1025.jpg 1536w, https:\/\/seka.fi\/wp-content\/uploads\/2020\/01\/P1070384-2048x1366.jpg 2048w, https:\/\/seka.fi\/wp-content\/uploads\/2020\/01\/P1070384-600x400.jpg 600w\" sizes=\"(max-width: 2560px) 100vw, 2560px\" \/><div class=\"wp-block-cover__inner-container\">\n<p class=\"has-text-align-center has-large-font-size\"><\/p>\n<\/div><\/div>\n\n\n\n<div class=\"wp-container-2 wp-block-group\"><div class=\"wp-block-group__inner-container\">\n<div class=\"wp-container-1 wp-block-group\"><div class=\"wp-block-group__inner-container\"><\/div><\/div>\n<\/div><\/div>\n\n\n\n<div class=\"wp-container-3 wp-block-group\"><div class=\"wp-block-group__inner-container\"><\/div><\/div>\n\n\n\n<div style=\"height:115px\" aria-hidden=\"true\" class=\"wp-block-spacer\"><\/div>\n\n\n\n<div class=\"wp-block-media-text alignwide has-media-on-the-right is-stacked-on-mobile\"><figure class=\"wp-block-media-text__media\"><img loading=\"lazy\" width=\"1024\" height=\"707\" src=\"https:\/\/seka.fi\/wp-content\/uploads\/2020\/01\/UppdateradBil-1024x707.jpg\" alt=\"\" class=\"wp-image-266 size-full\" srcset=\"https:\/\/seka.fi\/wp-content\/uploads\/2020\/01\/UppdateradBil-1024x707.jpg 1024w, https:\/\/seka.fi\/wp-content\/uploads\/2020\/01\/UppdateradBil-300x207.jpg 300w, https:\/\/seka.fi\/wp-content\/uploads\/2020\/01\/UppdateradBil-768x530.jpg 768w, https:\/\/seka.fi\/wp-content\/uploads\/2020\/01\/UppdateradBil-1536x1061.jpg 1536w, https:\/\/seka.fi\/wp-content\/uploads\/2020\/01\/UppdateradBil-2048x1415.jpg 2048w\" sizes=\"(max-width: 1024px) 100vw, 1024px\" \/><\/figure><div class=\"wp-block-media-text__content\">\n<p class=\"has-black-color has-text-color\" style=\"font-size:21px\"><strong>Se-Ka Ab<\/strong> \u00e4r ett f\u00f6retag i byggbranschen med cirka 10  anst\u00e4llda. Hemorten \u00e4r Eken\u00e4s men arbete utf\u00f6rs i hela Raseborg och ocks\u00e5 i Hang\u00f6.<\/p>\n\n\n\n<p class=\"has-black-color has-text-color\" style=\"font-size:21px\">Vi har verkat i byggbranschen \u00e4nda sedan \u00e5r 1982, vi v\u00e5gar d\u00e4rf\u00f6r p\u00e5st\u00e5 att vi har l\u00e5ng erfarenhet i branschen! \u00c4nda sedan b\u00f6rjan har m\u00e5let varit att alltid leverera kvalitet inom utsatta tidtabeller.<\/p>\n<\/div><\/div>\n\n\n\n<p><\/p>\n\n\n<div class=\"container\">\t\t\t\n\t\t\t<div \n\t\t\tstyle=\"margin-top: 40px; margin-bottom: 40px\" \n\t\t\tclass=\"gallery_1_wrapper \" \n\t\t\tid=\"image_grid_1_NvLIgwI7cjBh\">\n\n\t\t\t\t<div class=\"row\">\n\n\t\t\t\t\t<div class=\"col-md-12\">\n\n\t\t\t\t\t\t\n\t\t\t\t\t\t\t<div class=\"gallery_1_title_desc col-md-8\">\n\t\t\t\t\t\t\t\t\n\t\t\t\t\t\t\t\t\t\t\t\t\t\t\t\t\t<h2 \n\t\t\t\t\t\t\t\t\tstyle=\"color: #333 ; text-transform:uppercase\">\n\t\t\t\t\t\t\t\t\t\tV\u00e5ra projekt\t\t\t\t\t\t\t\t\t<\/h2>\n\t\t\t\t\t\t\t\t\t\t\t\t\t\t\t\t\t\t<p \n\t\t\t\t\t\t\t\t\tstyle=\"color: #333\">Ett urval av v\u00e5ra projekt kan ses h\u00e4r. Vi \u00e4r glada \u00f6ver att f\u00e5 ha jobbat med ett stort antal intressanta projekt och vackra hus runtom i V\u00e4stnyland. Klicka p\u00e5 en bild f\u00f6r att se flera<\/p>\n\t\t\t\t\t\t\t\t\t\n\t\t\t\t\t\t\t<\/div>\n\n\t\t\t\t\t\t\t\n\t\t\t\t\t\t<div class='clear'><\/div>\n\t\t\t\t\t\t<div class='megablock_image_grid_wrapper'>\n\t\t\t\t\t\t\t<div id=\"imgs_NvLIgwI7cjBh\" class='megablock_image_grid'><\/div>\n\t\t\t\t\t\t<\/div>\n\n\t\t\t\t\t<\/div>\n\n\t\t\t\t<\/div>\n\n\t\t\t<\/div>\n\n\t\t\t<style>\n\t\t\t\t\n\t\t\t\t@media (min-width: 768px) and (max-width: 1024px) , (min-width: 768px) and (max-width: 1024px) and (orientation: landscape) {\n\t\t\t    \t#image_grid_1_NvLIgwI7cjBh {\n\t\t\t    \t\tmargin-top: 5px !important;\n\t\t\t    \t\tmargin-bottom: 5px !important;\n\t\t\t    \t}\n\t\t\t    }\n\n\t\t\t    @media (min-width: 300px) and (max-width: 767px) {\n\t\t\t    \t#image_grid_1_NvLIgwI7cjBh {\n\t\t\t    \t\tmargin-top: 5px !important;\n\t\t\t    \t\tmargin-bottom: 5px !important;\n\t\t\t    \t}\n\t\t\t    }\n\n\t\t\t<\/style>\n\n\t\t\t<\/div><script>\n\t\t\tjQuery( document ).ready(function(){\n\t\t\t\tjQuery('#imgs_NvLIgwI7cjBh').imagesGrid({\n\t\t\t    \timages: [{\"src\":\"https:\\\/\\\/seka.fi\\\/wp-content\\\/uploads\\\/2020\\\/12\\\/IMG_0378-1024x768.jpg\",\"alt\":\"Hang\\u00f6\",\"title\":\"Hang\\u00f6\",\"caption\":\"Hang\\u00f6\",\"thumbnail\":\"https:\\\/\\\/seka.fi\\\/wp-content\\\/uploads\\\/2020\\\/12\\\/IMG_0378-1024x768.jpg\"},{\"src\":\"https:\\\/\\\/seka.fi\\\/wp-content\\\/uploads\\\/2020\\\/12\\\/4a1498f5-be78-48f5-bee8-1a385242e66d-1024x768.jpeg\",\"alt\":\"Alvar Aalto\",\"title\":\"Alvar Aalto\",\"caption\":\"Alvar Aalto\",\"thumbnail\":\"https:\\\/\\\/seka.fi\\\/wp-content\\\/uploads\\\/2020\\\/12\\\/4a1498f5-be78-48f5-bee8-1a385242e66d-1024x768.jpeg\"},{\"src\":\"https:\\\/\\\/seka.fi\\\/wp-content\\\/uploads\\\/2020\\\/02\\\/HarparskogArena-januari-maj-juli-847x1024.jpg\",\"alt\":\"Harparskog Arena\",\"title\":\"Harparskog Arena\",\"caption\":\"Harparskog Arena\",\"thumbnail\":\"https:\\\/\\\/seka.fi\\\/wp-content\\\/uploads\\\/2020\\\/02\\\/HarparskogArena-januari-maj-juli-847x1024.jpg\"},{\"src\":\"https:\\\/\\\/seka.fi\\\/wp-content\\\/uploads\\\/2019\\\/12\\\/IMG_4768-1024x768.jpg\",\"alt\":\"Hanko\",\"title\":\"Hanko\",\"caption\":\"Hanko\",\"thumbnail\":\"https:\\\/\\\/seka.fi\\\/wp-content\\\/uploads\\\/2019\\\/12\\\/IMG_4768-1024x768.jpg\"},{\"src\":\"https:\\\/\\\/seka.fi\\\/wp-content\\\/uploads\\\/2019\\\/12\\\/IMG_6680-1-1024x683.jpg\",\"alt\":\"Sommarstuga\",\"title\":\"Sommarstuga\",\"caption\":\"Sommarstuga\",\"thumbnail\":\"https:\\\/\\\/seka.fi\\\/wp-content\\\/uploads\\\/2019\\\/12\\\/IMG_6680-1-1024x683.jpg\"}],\n\t\t\t    \talign : true,\n\t\t\t    \tcells : 5,\n\t\t\t    \tloading : 'loading ...'\n\t\t\t  \t});\n\t\t\t});\t\t  \t\n\t\t\t<\/script>\n\t\t\t<style>\n\t\t\t\t#image_grid_1_NvLIgwI7cjBh .gallery_1_title_desc h2:after{\n\t\t\t\t\tborder-color: #fcb900\n\t\t\t\t}\n\t\t\t<\/style>\n\n\n\t\t<style>\n\t\t\t#services_1_popk2VdF0JWE7bsfWXGR .services_1_title_desc > h2:after{\n\t\t\t\tborder-color: #000\t\t\t}\n\n\t\t\t\n\t\t\t\/**\n\t\t\t * Responsive\n\t\t\t *\/\n\n\t\t\t@media (min-width: 768px) and (max-width: 1024px) , (min-width: 768px) and (max-width: 1024px) and (orientation: landscape) {\n\t\t\t  \t#services_1_popk2VdF0JWE7bsfWXGR .services-inner{\n\t\t\t  \t\tpadding-top : 50px !important;\n\t\t\t  \t\tpadding-bottom : 10px !important;\n\t\t\t  \t\tpadding-left : 0px !important;\n\t\t\t  \t\tpadding-right : 0px !important;\n\t\t\t  \t}\n\t\t\t}\n\n\t\t\t@media (min-width: 300px) and (max-width: 767px) {\n\t\t\t\t#services_1_popk2VdF0JWE7bsfWXGR .services-inner{\n\t\t\t  \t\tpadding-top : 50px !important;\n\t\t\t  \t\tpadding-bottom : 10px !important;\n\t\t\t  \t\tpadding-left : 0px !important;\n\t\t\t  \t\tpadding-right : 0px !important;\n\t\t\t  \t}\n\t\t\t}\n\n\t\t<\/style>\n\n\t\t<div class=\"services-main mb_services_style_1 \" \n\t\t\tid=\"services_1_popk2VdF0JWE7bsfWXGR\">\n\n\t\t\t<div class=\"services-list\">\n\t\t        \n\t\t        <section \n\t\t        style=\"padding: 50px 0px 10px 0px\" \n\t\t        class=\"services-inner\">\n\n\t\t            <div class=\"container1 container\">\n\n\t\t            \t\n\t\t\t              \t<div class=\"row\">\n\n\t\t\t              \t\t<div class=\"services_1_title_desc col-md-8\">\n\n\t\t\t              \t\t\t\n\t\t\t\t              \t\t\t<h2\n\t\t\t\t              \t\t\tstyle=\"text-transform: uppercase; color: #000\"\n\t\t\t\t              \t\t\t>Kontakt<\/h2>\n\n\t\t\t\t              \t\t\t\n\t\t\t              \t\t\t\n\t\t\t              \t\t<\/div>\n\n\t\t\t              \t<\/div>\n\n\t\t\t              \t\n\t\t              \t<div class=\"row\">\n\n\t\t              \t\t\n\t\t              \t\t\t\n\t\t\t                  \t<div class=\"col-md-4 col-sm-4 col-xs-12\">\n\t\t\t                      \t<div class=\"box shadow-large bor-lightgray text-center\">\n\t\t\t                          \t<div \n\t\t\t                          \tclass=\"icon\" \n\t\t\t                          \tstyle=\"background:#303234\">\n\t\t\t                              \t<i class=\"fas fa-home\"><\/i>\n\t\t\t                          \t<\/div>\n\t\t\t                          \t<h3 class=\"mar-bottom-15\">\n\t\t\t                          \t\tAdress\t\t\t                          \t<\/h3>\n\t\t\t                          \t<p>Jordansgatan 12 10600 Eken\u00e4s<\/p>\n\t\t\t                      \t<\/div>\n\t\t\t                  \t<\/div>\t\n\t\t\t                  \t\n\t\t              \t\t\t\n\t\t\t                  \t<div class=\"col-md-4 col-sm-4 col-xs-12\">\n\t\t\t                      \t<div class=\"box shadow-large bor-lightgray text-center\">\n\t\t\t                          \t<div \n\t\t\t                          \tclass=\"icon\" \n\t\t\t                          \tstyle=\"background:#303234\">\n\t\t\t                              \t<i class=\"fas fa-mail-bulk\"><\/i>\n\t\t\t                          \t<\/div>\n\t\t\t                          \t<h3 class=\"mar-bottom-15\">\n\t\t\t                          \t\tE-Post\t\t\t                          \t<\/h3>\n\t\t\t                          \t<p>se-ka@brev.fi<\/p>\n\t\t\t                      \t<\/div>\n\t\t\t                  \t<\/div>\t\n\t\t\t                  \t\n\t\t              \t\t\t\n\t\t\t                  \t<div class=\"col-md-4 col-sm-4 col-xs-12\">\n\t\t\t                      \t<div class=\"box shadow-large bor-lightgray text-center\">\n\t\t\t                          \t<div \n\t\t\t                          \tclass=\"icon\" \n\t\t\t                          \tstyle=\"background:#303234\">\n\t\t\t                              \t<i class=\"fal fa-phone\"><\/i>\n\t\t\t                          \t<\/div>\n\t\t\t                          \t<h3 class=\"mar-bottom-15\">\n\t\t\t                          \t\tTelefon\t\t\t                          \t<\/h3>\n\t\t\t                          \t<p>0400 47 2211<\/p>\n\t\t\t                      \t<\/div>\n\t\t\t                  \t<\/div>\t\n\t\t\t                  \t\n\t\t              <\/div>\n\n\t\t            <\/div>\n\n\t\t         <\/section>\n\n\t\t   \t<\/div>\n\n\t   \t<\/div>\n\n\t\t","protected":false},"excerpt":{"rendered":"<p>Se-Ka Ab \u00e4r ett f\u00f6retag i byggbranschen med cirka 10 anst\u00e4llda. Hemorten \u00e4r Eken\u00e4s men arbete utf\u00f6rs i hela Raseborg och ocks\u00e5 i Hang\u00f6. Vi har verkat i byggbranschen \u00e4nda sedan \u00e5r 1982, vi v\u00e5gar d\u00e4rf\u00f6r p\u00e5st\u00e5 att vi har l\u00e5ng erfarenhet i branschen! \u00c4nda sedan b\u00f6rjan har m\u00e5let varit att alltid leverera kvalitet inom utsatta tidtabeller.<\/p>\n","protected":false},"author":2,"featured_media":0,"parent":0,"menu_order":0,"comment_status":"closed","ping_status":"closed","template":"page-templates\/full-width.php","meta":{"_uag_custom_page_level_css":"","_monsterinsights_skip_tracking":false,"_monsterinsights_sitenote_active":false,"_monsterinsights_sitenote_note":"","_monsterinsights_sitenote_category":0},"yoast_head":"<!-- This site is optimized with the Yoast SEO plugin v19.8 - https:\/\/yoast.com\/wordpress\/plugins\/seo\/ -->\n<title>Hem - Se-Ka: Bygger, murar &amp; m\u00e5lar!<\/title>\n<meta name=\"description\" content=\"Se-Ka Ab \u00e4r ett f\u00f6retag i byggbranschen med cirka 10 stycken anst\u00e4llda. Hemorten \u00e4r Eken\u00e4s men vi utf\u00f6r arbete i hela Raseborg och ocks\u00e5 i Hang\u00f6.\" \/>\n<meta name=\"robots\" content=\"index, follow, max-snippet:-1, max-image-preview:large, max-video-preview:-1\" \/>\n<link rel=\"canonical\" href=\"https:\/\/seka.fi\/\" \/>\n<meta property=\"og:locale\" content=\"sv_SE\" \/>\n<meta property=\"og:type\" content=\"article\" \/>\n<meta property=\"og:title\" content=\"Hem - Se-Ka: Bygger, murar &amp; m\u00e5lar!\" \/>\n<meta property=\"og:description\" content=\"Se-Ka Ab \u00e4r ett f\u00f6retag i byggbranschen med cirka 10 stycken anst\u00e4llda. Hemorten \u00e4r Eken\u00e4s men vi utf\u00f6r arbete i hela Raseborg och ocks\u00e5 i Hang\u00f6.\" \/>\n<meta property=\"og:url\" content=\"https:\/\/seka.fi\/\" \/>\n<meta property=\"og:site_name\" content=\"Se-Ka\" \/>\n<meta property=\"article:modified_time\" content=\"2025-05-14T13:57:06+00:00\" \/>\n<meta property=\"og:image\" content=\"https:\/\/seka.fi\/wp-content\/uploads\/2020\/01\/P1070384-scaled.jpg\" \/>\n<meta name=\"twitter:card\" content=\"summary_large_image\" \/>\n<meta name=\"twitter:label1\" content=\"Ber\u00e4knad l\u00e4stid\" \/>\n\t<meta name=\"twitter:data1\" content=\"1 minut\" \/>\n<script type=\"application\/ld+json\" class=\"yoast-schema-graph\">{\"@context\":\"https:\/\/schema.org\",\"@graph\":[{\"@type\":\"WebPage\",\"@id\":\"https:\/\/seka.fi\/\",\"url\":\"https:\/\/seka.fi\/\",\"name\":\"Hem - Se-Ka: Bygger, murar & m\u00e5lar!\",\"isPartOf\":{\"@id\":\"https:\/\/seka.fi\/#website\"},\"datePublished\":\"2019-11-04T08:08:08+00:00\",\"dateModified\":\"2025-05-14T13:57:06+00:00\",\"description\":\"Se-Ka Ab \u00e4r ett f\u00f6retag i byggbranschen med cirka 10 stycken anst\u00e4llda. Hemorten \u00e4r Eken\u00e4s men vi utf\u00f6r arbete i hela Raseborg och ocks\u00e5 i Hang\u00f6.\",\"breadcrumb\":{\"@id\":\"https:\/\/seka.fi\/#breadcrumb\"},\"inLanguage\":\"sv-SE\",\"potentialAction\":[{\"@type\":\"ReadAction\",\"target\":[\"https:\/\/seka.fi\/\"]}]},{\"@type\":\"BreadcrumbList\",\"@id\":\"https:\/\/seka.fi\/#breadcrumb\",\"itemListElement\":[{\"@type\":\"ListItem\",\"position\":1,\"name\":\"Home\",\"item\":\"https:\/\/seka.fi\/\"},{\"@type\":\"ListItem\",\"position\":2,\"name\":\"Hem\"}]},{\"@type\":\"WebSite\",\"@id\":\"https:\/\/seka.fi\/#website\",\"url\":\"https:\/\/seka.fi\/\",\"name\":\"Se-Ka\",\"description\":\"\u2013 murar, m\u00e5lar &amp; bygger!\",\"publisher\":{\"@id\":\"https:\/\/seka.fi\/#organization\"},\"potentialAction\":[{\"@type\":\"SearchAction\",\"target\":{\"@type\":\"EntryPoint\",\"urlTemplate\":\"https:\/\/seka.fi\/?s={search_term_string}\"},\"query-input\":\"required name=search_term_string\"}],\"inLanguage\":\"sv-SE\"},{\"@type\":\"Organization\",\"@id\":\"https:\/\/seka.fi\/#organization\",\"name\":\"Se-Ka\",\"url\":\"https:\/\/seka.fi\/\",\"sameAs\":[],\"logo\":{\"@type\":\"ImageObject\",\"inLanguage\":\"sv-SE\",\"@id\":\"https:\/\/seka.fi\/#\/schema\/logo\/image\/\",\"url\":\"https:\/\/seka.fi\/wp-content\/uploads\/2019\/12\/cropped-sekalogo-1.png\",\"contentUrl\":\"https:\/\/seka.fi\/wp-content\/uploads\/2019\/12\/cropped-sekalogo-1.png\",\"width\":408,\"height\":230,\"caption\":\"Se-Ka\"},\"image\":{\"@id\":\"https:\/\/seka.fi\/#\/schema\/logo\/image\/\"}}]}<\/script>\n<!-- \/ Yoast SEO plugin. -->","yoast_head_json":{"title":"Hem - Se-Ka: Bygger, murar & m\u00e5lar!","description":"Se-Ka Ab \u00e4r ett f\u00f6retag i byggbranschen med cirka 10 stycken anst\u00e4llda. Hemorten \u00e4r Eken\u00e4s men vi utf\u00f6r arbete i hela Raseborg och ocks\u00e5 i Hang\u00f6.","robots":{"index":"index","follow":"follow","max-snippet":"max-snippet:-1","max-image-preview":"max-image-preview:large","max-video-preview":"max-video-preview:-1"},"canonical":"https:\/\/seka.fi\/","og_locale":"sv_SE","og_type":"article","og_title":"Hem - Se-Ka: Bygger, murar & m\u00e5lar!","og_description":"Se-Ka Ab \u00e4r ett f\u00f6retag i byggbranschen med cirka 10 stycken anst\u00e4llda. Hemorten \u00e4r Eken\u00e4s men vi utf\u00f6r arbete i hela Raseborg och ocks\u00e5 i Hang\u00f6.","og_url":"https:\/\/seka.fi\/","og_site_name":"Se-Ka","article_modified_time":"2025-05-14T13:57:06+00:00","og_image":[{"url":"https:\/\/seka.fi\/wp-content\/uploads\/2020\/01\/P1070384-scaled.jpg"}],"twitter_card":"summary_large_image","twitter_misc":{"Ber\u00e4knad l\u00e4stid":"1 minut"},"schema":{"@context":"https:\/\/schema.org","@graph":[{"@type":"WebPage","@id":"https:\/\/seka.fi\/","url":"https:\/\/seka.fi\/","name":"Hem - Se-Ka: Bygger, murar & m\u00e5lar!","isPartOf":{"@id":"https:\/\/seka.fi\/#website"},"datePublished":"2019-11-04T08:08:08+00:00","dateModified":"2025-05-14T13:57:06+00:00","description":"Se-Ka Ab \u00e4r ett f\u00f6retag i byggbranschen med cirka 10 stycken anst\u00e4llda. Hemorten \u00e4r Eken\u00e4s men vi utf\u00f6r arbete i hela Raseborg och ocks\u00e5 i Hang\u00f6.","breadcrumb":{"@id":"https:\/\/seka.fi\/#breadcrumb"},"inLanguage":"sv-SE","potentialAction":[{"@type":"ReadAction","target":["https:\/\/seka.fi\/"]}]},{"@type":"BreadcrumbList","@id":"https:\/\/seka.fi\/#breadcrumb","itemListElement":[{"@type":"ListItem","position":1,"name":"Home","item":"https:\/\/seka.fi\/"},{"@type":"ListItem","position":2,"name":"Hem"}]},{"@type":"WebSite","@id":"https:\/\/seka.fi\/#website","url":"https:\/\/seka.fi\/","name":"Se-Ka","description":"\u2013 murar, m\u00e5lar &amp; bygger!","publisher":{"@id":"https:\/\/seka.fi\/#organization"},"potentialAction":[{"@type":"SearchAction","target":{"@type":"EntryPoint","urlTemplate":"https:\/\/seka.fi\/?s={search_term_string}"},"query-input":"required name=search_term_string"}],"inLanguage":"sv-SE"},{"@type":"Organization","@id":"https:\/\/seka.fi\/#organization","name":"Se-Ka","url":"https:\/\/seka.fi\/","sameAs":[],"logo":{"@type":"ImageObject","inLanguage":"sv-SE","@id":"https:\/\/seka.fi\/#\/schema\/logo\/image\/","url":"https:\/\/seka.fi\/wp-content\/uploads\/2019\/12\/cropped-sekalogo-1.png","contentUrl":"https:\/\/seka.fi\/wp-content\/uploads\/2019\/12\/cropped-sekalogo-1.png","width":408,"height":230,"caption":"Se-Ka"},"image":{"@id":"https:\/\/seka.fi\/#\/schema\/logo\/image\/"}}]}},"uagb_featured_image_src":{"full":false,"thumbnail":false,"medium":false,"medium_large":false,"large":false,"elegant_blocks_team_1":false,"elegant_blocks_blog_1":false,"elegant_blocks_slider_1":false,"1536x1536":false,"2048x2048":false,"bizberg_medium":false,"bizberg_gallery":false,"bizberg_blog_list":false,"bizberg_detail_image":false,"bizberg_detail_image_no_sidebar":false,"bizberg_portfolio_homepage":false,"bizberg_blog_list_no_sidebar_1":false},"uagb_author_info":{"display_name":"Ville S\u00e9von","author_link":"https:\/\/seka.fi\/index.php\/author\/ville\/"},"uagb_comment_info":0,"uagb_excerpt":"Se-Ka Ab \u00e4r ett f\u00f6retag i byggbranschen med cirka 10 anst\u00e4llda. Hemorten \u00e4r Eken\u00e4s men arbete utf\u00f6rs i hela Raseborg och ocks\u00e5 i Hang\u00f6. Vi har verkat i byggbranschen \u00e4nda sedan \u00e5r 1982, vi v\u00e5gar d\u00e4rf\u00f6r p\u00e5st\u00e5 att vi har l\u00e5ng erfarenhet i branschen! \u00c4nda sedan b\u00f6rjan har m\u00e5let varit att alltid leverera kvalitet inom&hellip;","_links":{"self":[{"href":"https:\/\/seka.fi\/index.php\/wp-json\/wp\/v2\/pages\/11"}],"collection":[{"href":"https:\/\/seka.fi\/index.php\/wp-json\/wp\/v2\/pages"}],"about":[{"href":"https:\/\/seka.fi\/index.php\/wp-json\/wp\/v2\/types\/page"}],"author":[{"embeddable":true,"href":"https:\/\/seka.fi\/index.php\/wp-json\/wp\/v2\/users\/2"}],"replies":[{"embeddable":true,"href":"https:\/\/seka.fi\/index.php\/wp-json\/wp\/v2\/comments?post=11"}],"version-history":[{"count":76,"href":"https:\/\/seka.fi\/index.php\/wp-json\/wp\/v2\/pages\/11\/revisions"}],"predecessor-version":[{"id":1040,"href":"https:\/\/seka.fi\/index.php\/wp-json\/wp\/v2\/pages\/11\/revisions\/1040"}],"wp:attachment":[{"href":"https:\/\/seka.fi\/index.php\/wp-json\/wp\/v2\/media?parent=11"}],"curies":[{"name":"wp","href":"https:\/\/api.w.org\/{rel}","templated":true}]}}